{"id":132,"date":"2012-05-20T23:14:24","date_gmt":"2012-05-20T23:14:24","guid":{"rendered":"http:\/\/www.mendesmercantil.com.br\/web\/?page_id=132"},"modified":"2014-06-25T09:59:17","modified_gmt":"2014-06-25T12:59:17","slug":"blocos-logicos","status":"publish","type":"page","link":"https:\/\/www.mendesmercantil.com.br\/web\/blocos-logicos\/","title":{"rendered":"Blocos l\u00f3gicos"},"content":{"rendered":"<h3><a href=\"https:\/\/www.mendesmercantil.com.br\/web\/wp-content\/uploads\/blocologicooo2.jpg\"><img loading=\"lazy\" class=\"alignleft size-full wp-image-1613\" title=\"blocologico\" src=\"https:\/\/www.mendesmercantil.com.br\/web\/wp-content\/uploads\/blocologicooo2.jpg\" alt=\"\" width=\"279\" height=\"128\" srcset=\"https:\/\/www.mendesmercantil.com.br\/web\/wp-content\/uploads\/blocologicooo2.jpg 279w, https:\/\/www.mendesmercantil.com.br\/web\/wp-content\/uploads\/blocologicooo2-250x114.jpg 250w\" sizes=\"(max-width: 279px) 100vw, 279px\" \/><\/a><\/h3>\n<h3><span style=\"color: #333333;\"><strong>Material:<\/strong> conjunto com pe\u00e7as geom\u00e9tricas divididas em:<\/span><\/h3>\n<ul>\n<li>\n<h3><span style=\"color: #333333;\">C\u00edrculos, quadrados, tri\u00e2ngulos e ret\u00e2ngulos;<\/span><\/h3>\n<\/li>\n<li>\n<h3><span style=\"color: #333333;\">Tr\u00eas cores (amarelo, azul e vermelho);<\/span><\/h3>\n<\/li>\n<li>\n<h3><span style=\"color: #333333;\">Dois tamanhos (grande e pequeno);<\/span><\/h3>\n<\/li>\n<li>\n<h3><span style=\"color: #333333;\">Duas espessuras (fino e grosso).<\/span><\/h3>\n<\/li>\n<\/ul>\n<h3><span style=\"color: #333333;\"><strong>Objetivo:<\/strong> Permitir que crian\u00e7as em s\u00e9ries iniciais desenvolvam rela\u00e7\u00f5es l\u00f3gicas e evoluam no racioc\u00ednio abstrato. Atrav\u00eas de rela\u00e7\u00f5es l\u00f3gicas como correspond\u00eancia e classifica\u00e7\u00e3o as crian\u00e7as ir\u00e3o reconhecer as pe\u00e7as e nome\u00e1-las pelos seus atributos cor, forma, tamanho e espessura.<\/span><\/h3>\n<h3><span style=\"color: #333333;\"><strong>Habilidades de Aprendizado:<\/strong><\/span><\/h3>\n<ul>\n<li>\n<h3><span style=\"color: #333333;\">Racioc\u00ednio l\u00f3gico<\/span><\/h3>\n<\/li>\n<li>\n<h3><span style=\"color: #333333;\">Conjunto<\/span><\/h3>\n<\/li>\n<li>\n<h3><span style=\"color: #333333;\">Coordena\u00e7\u00e3o<\/span><\/h3>\n<\/li>\n<li>\n<h3><span style=\"color: #333333;\">Seria\u00e7\u00e3o<\/span><\/h3>\n<\/li>\n<li>\n<h3><span style=\"color: #333333;\">Classifica\u00e7\u00e3o<\/span><\/h3>\n<\/li>\n<\/ul>\n<h3><span style=\"color: #333333;\"><strong>Sugest\u00f5es de Atividades:<br \/>\n<\/strong><\/span><br \/>\n<span style=\"color: #333333;\"> <strong>Jogo Livre<\/strong><\/span><br \/>\n<span style=\"color: #333333;\"> O educador distribui a caixa com os os blocos l\u00f3gicos. Orienta a crian\u00e7a para que explore o material, olhe, manuseie e brinque, observando e comparando as cores, os tamanhos e as formas, passando assim a reconhecer o material.<\/span><\/h3>\n<h3><span style=\"color: #333333;\"><strong>Explorando Conjuntos<\/strong><\/span><br \/>\n<span style=\"color: #333333;\"> Pe\u00e7a para que as crian\u00e7as formem grupos distintos. Ex: grupos dos azuis, grandes, finos, etc.)\u00a0Em outra momento, monte cart\u00f5es que indiquem graficamente os atributos (formas, espessuras, tamanho e cor). Embaralhe os cart\u00f5es e fa\u00e7a um sorteio. Por vez, pe\u00e7a que a crian\u00e7a forme um grupo com todas as pe\u00e7as que correspondem aquele atributo. Gradativamente podem ser usado, dois, tr\u00eas at\u00e9 quatro atributos.\u00a0Com os blocos l\u00f3gicos espalhados pelo ch\u00e3o, voc\u00ea pode pedir que formem o conjunto das pe\u00e7as que n\u00e3o s\u00e3o. Ex: as que n\u00e3o s\u00e3o tri\u00e2ngulos, as que n\u00e3o s\u00e3o grossas..)<\/span><\/h3>\n<h3><span style=\"color: #333333;\"><strong>Seria\u00e7\u00e3o e Ordena\u00e7\u00e3o<\/strong><\/span><br \/>\n<span style=\"color: #333333;\"> Inicie uma sequ\u00eancia de pe\u00e7as e pe\u00e7a para a crian\u00e7a continua-la, descobrindo qual \u00e9 o segredo (crit\u00e9rio) da forma\u00e7\u00e3o da sequ\u00eancia. Uma dica para construi-las \u00e9 formar uma sequ\u00eancia de pe\u00e7as grandes ou uma sequ\u00eancia onde a pe\u00e7a seguinte tenha pelo menos uma diferen\u00e7a da anterior e assim sucessivamente.<\/span><\/h3>\n","protected":false},"excerpt":{"rendered":"<p>Material: conjunto com pe\u00e7as geom\u00e9tricas divididas em: C\u00edrculos, quadrados, tri\u00e2ngulos e ret\u00e2ngulos; Tr\u00eas cores (amarelo, azul e vermelho); Dois tamanhos (grande e pequeno); Duas espessuras (fino e grosso). Objetivo: Permitir que crian\u00e7as em s\u00e9ries iniciais desenvolvam rela\u00e7\u00f5es l\u00f3gicas e evoluam no racioc\u00ednio abstrato. Atrav\u00eas de rela\u00e7\u00f5es l\u00f3gicas como correspond\u00eancia e classifica\u00e7\u00e3o as crian\u00e7as ir\u00e3o reconhecer [&hellip;]<\/p>\n","protected":false},"author":1,"featured_media":0,"parent":0,"menu_order":0,"comment_status":"open","ping_status":"closed","template":"","meta":[],"_links":{"self":[{"href":"https:\/\/www.mendesmercantil.com.br\/web\/wp-json\/wp\/v2\/pages\/132"}],"collection":[{"href":"https:\/\/www.mendesmercantil.com.br\/web\/wp-json\/wp\/v2\/pages"}],"about":[{"href":"https:\/\/www.mendesmercantil.com.br\/web\/wp-json\/wp\/v2\/types\/page"}],"author":[{"embeddable":true,"href":"https:\/\/www.mendesmercantil.com.br\/web\/wp-json\/wp\/v2\/users\/1"}],"replies":[{"embeddable":true,"href":"https:\/\/www.mendesmercantil.com.br\/web\/wp-json\/wp\/v2\/comments?post=132"}],"version-history":[{"count":9,"href":"https:\/\/www.mendesmercantil.com.br\/web\/wp-json\/wp\/v2\/pages\/132\/revisions"}],"predecessor-version":[{"id":1620,"href":"https:\/\/www.mendesmercantil.com.br\/web\/wp-json\/wp\/v2\/pages\/132\/revisions\/1620"}],"wp:attachment":[{"href":"https:\/\/www.mendesmercantil.com.br\/web\/wp-json\/wp\/v2\/media?parent=132"}],"curies":[{"name":"wp","href":"https:\/\/api.w.org\/{rel}","templated":true}]}}