{"id":142,"date":"2012-05-20T23:23:22","date_gmt":"2012-05-20T23:23:22","guid":{"rendered":"http:\/\/www.mendesmercantil.com.br\/web\/?page_id=142"},"modified":"2014-06-25T10:04:39","modified_gmt":"2014-06-25T13:04:39","slug":"palavra-cruzada","status":"publish","type":"page","link":"https:\/\/www.mendesmercantil.com.br\/web\/palavra-cruzada\/","title":{"rendered":"Palavra  Cruzada"},"content":{"rendered":"<h3><span style=\"color: #333333;\"><strong><a href=\"https:\/\/www.mendesmercantil.com.br\/web\/wp-content\/uploads\/palavra-cruzadaaa.jpg\"><img loading=\"lazy\" class=\"alignleft size-full wp-image-1626\" title=\"palavra-cruzada\" src=\"https:\/\/www.mendesmercantil.com.br\/web\/wp-content\/uploads\/palavra-cruzadaaa.jpg\" alt=\"\" width=\"353\" height=\"302\" srcset=\"https:\/\/www.mendesmercantil.com.br\/web\/wp-content\/uploads\/palavra-cruzadaaa.jpg 353w, https:\/\/www.mendesmercantil.com.br\/web\/wp-content\/uploads\/palavra-cruzadaaa-300x256.jpg 300w, https:\/\/www.mendesmercantil.com.br\/web\/wp-content\/uploads\/palavra-cruzadaaa-250x213.jpg 250w\" sizes=\"(max-width: 353px) 100vw, 353px\" \/><\/a>Material:<\/strong> pe\u00e7as em madeira contendo as letras do alfabeto.<\/span><\/h3>\n<h3><span style=\"color: #333333;\"><strong>Objetivo:<\/strong> Trabalhar a constru\u00e7\u00e3o de palavras, treinando a leitura e a escrita. Pode ser utilizado em diversos n\u00edveis de alfabetiza\u00e7\u00e3o, atendendo desde as s\u00e9ries iniciais at\u00e9 a 4\u00aa s\u00e9rie do ensino fundamental<\/span><\/h3>\n<h3><span style=\"color: #333333;\"><strong>Habilidades de Aprendizado:<\/strong><\/span><\/h3>\n<h3><span style=\"color: #333333;\">\u2022 Escrita e leitura<\/span><br \/>\n<span style=\"color: #333333;\"> \u2022 Sin\u00f4nimos e ant\u00f4nimos<\/span><br \/>\n<span style=\"color: #333333;\"> \u2022 Sil\u00e1bas<\/span><\/h3>\n<h3><span style=\"color: #333333;\"><strong>Sugest\u00f5es de Atividades:<\/strong><\/span><\/h3>\n<h3><span style=\"color: #333333;\"><strong>Construindo Palavras<\/strong><\/span><br \/>\n<span style=\"color: #333333;\"> Apresente o material com as letras voltadas para cima e estimule as crian\u00e7as a descobrir as palavras que conseguem escrever. Depois voc\u00ea pode passar para o quadro de giz e anotar as descobertas.<\/span><\/h3>\n<h3><span style=\"color: #333333;\"><strong>Ditado Mudo<\/strong><\/span><br \/>\n<span style=\"color: #333333;\"> O educador deve apresentar fichas com desenhos e pedir que os alunos escrevam o que v\u00eaem.<\/span><\/h3>\n<h3><span style=\"color: #333333;\"><strong>Cruzando Palavras<\/strong><\/span><br \/>\n<span style=\"color: #333333;\"> O educador pode escrever com as pe\u00e7as do alfabeto algo como:<\/span><\/h3>\n<h3><span style=\"color: #333333;\">C<\/span><br \/>\n<span style=\"color: #333333;\"> MACACO<\/span><br \/>\n<span style=\"color: #333333;\"> M<\/span><br \/>\n<span style=\"color: #333333;\"> A<\/span><\/h3>\n<h3><span style=\"color: #333333;\">E pedir para que a crian\u00e7a forme outras palavras cruzadas a partir do modelo.<\/span><\/h3>\n<h3><span style=\"color: #333333;\"><strong>Jogo de Adivinha<\/strong><\/span><\/h3>\n<h3><span style=\"color: #333333;\">O educador descreve um objeto ou animal e pede que quem descobriu o que \u00e9, escreva com as pe\u00e7as do alfabeto.<\/span><\/h3>\n<h3><span style=\"color: #333333;\"><strong>Jogo das Palavras Cruzadas<\/strong><\/span><\/h3>\n<h3><span style=\"color: #333333;\">Nesse jogo os dois jogadores tiram par ou \u00edmpar para decidir quem come\u00e7a a brincar. Aquele que ganhar come\u00e7a escrevendo a 1\u00aa palavra. Cada palavra escrita ganha-se 1 ponto. Se utilizar uma interse\u00e7\u00e3o ganha 2 pontos e assim por diante.<\/span><\/h3>\n<h3><span style=\"color: #333333;\"><strong>Jogo de S\u00edlabas<\/strong><\/span><\/h3>\n<h3><span style=\"color: #333333;\">O educador deve pedir a forma\u00e7\u00e3o das palavras de acordo com o n\u00famero de s\u00edlabas. Um exemplo \u00e9 perguntar as crian\u00e7as quem consegue escrever uma palavra com 2 silabas e assim por diante. Para os maiores, uma boa dica \u00e9 pedir que escrevam palavras monossilabas, diss\u00edlabas, triss\u00edlabas e poliss\u00edlabas ou mesmo palavras oxitonas e paroxitonas por exemplo.<\/span><\/h3>\n","protected":false},"excerpt":{"rendered":"<p>Material: pe\u00e7as em madeira contendo as letras do alfabeto. Objetivo: Trabalhar a constru\u00e7\u00e3o de palavras, treinando a leitura e a escrita. Pode ser utilizado em diversos n\u00edveis de alfabetiza\u00e7\u00e3o, atendendo desde as s\u00e9ries iniciais at\u00e9 a 4\u00aa s\u00e9rie do ensino fundamental Habilidades de Aprendizado: \u2022 Escrita e leitura \u2022 Sin\u00f4nimos e ant\u00f4nimos \u2022 Sil\u00e1bas Sugest\u00f5es [&hellip;]<\/p>\n","protected":false},"author":1,"featured_media":0,"parent":0,"menu_order":0,"comment_status":"open","ping_status":"open","template":"","meta":[],"_links":{"self":[{"href":"https:\/\/www.mendesmercantil.com.br\/web\/wp-json\/wp\/v2\/pages\/142"}],"collection":[{"href":"https:\/\/www.mendesmercantil.com.br\/web\/wp-json\/wp\/v2\/pages"}],"about":[{"href":"https:\/\/www.mendesmercantil.com.br\/web\/wp-json\/wp\/v2\/types\/page"}],"author":[{"embeddable":true,"href":"https:\/\/www.mendesmercantil.com.br\/web\/wp-json\/wp\/v2\/users\/1"}],"replies":[{"embeddable":true,"href":"https:\/\/www.mendesmercantil.com.br\/web\/wp-json\/wp\/v2\/comments?post=142"}],"version-history":[{"count":4,"href":"https:\/\/www.mendesmercantil.com.br\/web\/wp-json\/wp\/v2\/pages\/142\/revisions"}],"predecessor-version":[{"id":1627,"href":"https:\/\/www.mendesmercantil.com.br\/web\/wp-json\/wp\/v2\/pages\/142\/revisions\/1627"}],"wp:attachment":[{"href":"https:\/\/www.mendesmercantil.com.br\/web\/wp-json\/wp\/v2\/media?parent=142"}],"curies":[{"name":"wp","href":"https:\/\/api.w.org\/{rel}","templated":true}]}}