{"id":147,"date":"2012-05-20T23:26:13","date_gmt":"2012-05-20T23:26:13","guid":{"rendered":"http:\/\/www.mendesmercantil.com.br\/web\/?page_id=147"},"modified":"2015-07-01T15:54:42","modified_gmt":"2015-07-01T18:54:42","slug":"sequencia-logica","status":"publish","type":"page","link":"https:\/\/www.mendesmercantil.com.br\/web\/sequencia-logica\/","title":{"rendered":"Sequ\u00eancia L\u00f3gica"},"content":{"rendered":"<h3 style=\"text-align: justify;\"><span style=\"color: #333333;\"><strong><\/p>\n<p><a href=\"https:\/\/www.mendesmercantil.com.br\/web\/wp-content\/uploads\/sequencia-Logica2.jpg\"><img loading=\"lazy\" class=\"alignright  wp-image-1969\" title=\"sequencia Logica\" src=\"https:\/\/www.mendesmercantil.com.br\/web\/wp-content\/uploads\/sequencia-Logica2.jpg\" alt=\"\" width=\"450\" height=\"140\" srcset=\"https:\/\/www.mendesmercantil.com.br\/web\/wp-content\/uploads\/sequencia-Logica2.jpg 500w, https:\/\/www.mendesmercantil.com.br\/web\/wp-content\/uploads\/sequencia-Logica2-300x93.jpg 300w, https:\/\/www.mendesmercantil.com.br\/web\/wp-content\/uploads\/sequencia-Logica2-250x78.jpg 250w, https:\/\/www.mendesmercantil.com.br\/web\/wp-content\/uploads\/sequencia-Logica2-400x124.jpg 400w\" sizes=\"(max-width: 450px) 100vw, 450px\" \/><\/a>Material:<\/strong> conjunto de pe\u00e7as ilustradas que retratam o come\u00e7o, meio e fim de acontecimentos do dia-a-dia. Cada conjunto de 4 placas representa uma hist\u00f3ria em sequ\u00eancia, cuja a ordem a crian\u00e7a ter\u00e1 que descobrir.<\/span><\/h3>\n<h3 style=\"text-align: justify;\"><span style=\"color: #333333;\"><strong>Objetivo:<\/strong> Permite que crian\u00e7as em fase de alfabetiza\u00e7\u00e3o desenvolva habilidades l\u00f3gicas a partir da organiza\u00e7\u00e3o de id\u00e9ias e da constru\u00e7\u00e3o de hist\u00f3rias.<\/span><\/h3>\n<h3 style=\"text-align: justify;\"><span style=\"color: #333333;\"><strong>Habilidades de Aprendizado:<\/strong><\/span><\/h3>\n<h3 style=\"text-align: justify;\"><span style=\"color: #333333;\">\u2022 leitura de imagem;<\/span><\/h3>\n<h3 style=\"text-align: justify;\"><span style=\"color: #333333;\">\u2022 Organiza\u00e7\u00e3o de id\u00e9ias;<\/span><\/h3>\n<h3 style=\"text-align: justify;\"><span style=\"color: #333333;\">\u2022 Desenvolver habilidades para a produ\u00e7\u00e3o oral e escrita;<\/span><\/h3>\n<h3 style=\"text-align: justify;\"><span style=\"color: #333333;\">\u2022 Elaborar textos descritivos;<\/span><\/h3>\n<h3 style=\"text-align: justify;\"><span style=\"color: #333333;\">\u2022 Interpreta\u00e7\u00e3o;<\/span><\/h3>\n<h3 style=\"text-align: justify;\"><span style=\"color: #333333;\">\u2022 Criatividade;<\/span><\/h3>\n<h3 style=\"text-align: justify;\"><span style=\"color: #333333;\"><strong>Sugest\u00f5es de Atividades:<\/strong><\/span><\/h3>\n<h3 style=\"text-align: justify;\"><span style=\"color: #333333;\"><strong>Organizando id\u00e9ias<\/strong><\/span><br \/>\n<span style=\"color: #333333;\"> Para come\u00e7ar, utilize a rodinha para apresentar as crian\u00e7as o material pedag\u00f3gico. Explore as imagens e pe\u00e7a que caracterizem os personagens, o local onde se passa a hist\u00f3ria e o tema retratado.<\/span><br \/>\n<span style=\"color: #333333;\"> Depois trabalhe a sequ\u00eancia dos fatos com um texto descritivo, enunciando de forma coletiva.<\/span><\/h3>\n<h3 style=\"text-align: justify;\"><span style=\"color: #333333;\"><strong>Trabalhando em Grupo<\/strong><\/span><br \/>\n<span style=\"color: #333333;\"> Nessa atividade, organize a turma em grupos de quatro. Entregue os quadrinhos e pe\u00e7a que organizem a hist\u00f3ria na sequ\u00eancia que considerarem correta.<\/span><\/h3>\n<h3 style=\"text-align: justify;\"><span style=\"color: #333333;\">Acompanhe o andamento de cada grupo e pe\u00e7a que enumerem cada quadrinho.<\/span><\/h3>\n<h3 style=\"text-align: justify;\"><span style=\"color: #333333;\">Em seguida, solicite a um aluno do grupo que apresente as placas na sequ\u00eancia para a sala.<\/span><br \/>\n<span style=\"color: #333333;\"> Em outro momento, oriente para que elaborem um texto escrito, contando a hist\u00f3ria de acordo com a sequ\u00eancia.<\/span><br \/>\n<span style=\"color: #333333;\"> Com os maiores, sugira que construam frases para cada placa da sequ\u00eancia l\u00f3gica e montem uma esp\u00e9cie de historinha em quadrinhos.<\/span><\/h3>\n","protected":false},"excerpt":{"rendered":"<p>Material: conjunto de pe\u00e7as ilustradas que retratam o come\u00e7o, meio e fim de acontecimentos do dia-a-dia. Cada conjunto de 4 placas representa uma hist\u00f3ria em sequ\u00eancia, cuja a ordem a crian\u00e7a ter\u00e1 que descobrir. Objetivo: Permite que crian\u00e7as em fase de alfabetiza\u00e7\u00e3o desenvolva habilidades l\u00f3gicas a partir da organiza\u00e7\u00e3o de id\u00e9ias e da constru\u00e7\u00e3o de [&hellip;]<\/p>\n","protected":false},"author":1,"featured_media":0,"parent":0,"menu_order":0,"comment_status":"open","ping_status":"open","template":"","meta":[],"_links":{"self":[{"href":"https:\/\/www.mendesmercantil.com.br\/web\/wp-json\/wp\/v2\/pages\/147"}],"collection":[{"href":"https:\/\/www.mendesmercantil.com.br\/web\/wp-json\/wp\/v2\/pages"}],"about":[{"href":"https:\/\/www.mendesmercantil.com.br\/web\/wp-json\/wp\/v2\/types\/page"}],"author":[{"embeddable":true,"href":"https:\/\/www.mendesmercantil.com.br\/web\/wp-json\/wp\/v2\/users\/1"}],"replies":[{"embeddable":true,"href":"https:\/\/www.mendesmercantil.com.br\/web\/wp-json\/wp\/v2\/comments?post=147"}],"version-history":[{"count":21,"href":"https:\/\/www.mendesmercantil.com.br\/web\/wp-json\/wp\/v2\/pages\/147\/revisions"}],"predecessor-version":[{"id":1970,"href":"https:\/\/www.mendesmercantil.com.br\/web\/wp-json\/wp\/v2\/pages\/147\/revisions\/1970"}],"wp:attachment":[{"href":"https:\/\/www.mendesmercantil.com.br\/web\/wp-json\/wp\/v2\/media?parent=147"}],"curies":[{"name":"wp","href":"https:\/\/api.w.org\/{rel}","templated":true}]}}